{"id":16,"date":"2019-08-17T16:44:59","date_gmt":"2019-08-17T16:44:59","guid":{"rendered":"https:\/\/jupiterx.artbees.net\/psychologist\/?page_id=16"},"modified":"2023-10-07T22:30:14","modified_gmt":"2023-10-07T22:30:14","slug":"nuestro-personal","status":"publish","type":"page","link":"https:\/\/cosmetiqueaestheticslv.com\/es\/nuestro-personal\/","title":{"rendered":"Nuestro Personal"},"content":{"rendered":"\n<div class=\"wp-block-columns is-layout-flex wp-container-core-columns-is-layout-9d6595d7 wp-block-columns-is-layout-flex\">\n<div class=\"wp-block-column is-layout-flow wp-block-column-is-layout-flow\">\n<h2 class=\"wp-block-heading\">Dra. Yekaterina Khronusova, MD<\/h2>\n\n\n\n<h4 class=\"wp-block-heading\">Las Vegas, NV<\/h4>\n\n\n\n<p>La Dra. Katherina Khronusova, MD, es una m\u00e9dica de medicina interna certificada por la Junta. Es una m\u00e9dica establecida y altamente capacitada con m\u00e1s de 20 a\u00f1os de experiencia en medicina interna y hospitalista en Las Vegas. Se gradu\u00f3 de la Universidad M\u00e9dica Estatal de Kazan, complet\u00f3 su residencia en el campus de Yale Hospital St Raphael en New Haven, CT. Adem\u00e1s de su experiencia como cl\u00ednica hospitalaria, tiene una pr\u00e1ctica cosm\u00e9tica que proporciona inyectables, procedimientos cosm\u00e9ticos faciales, contorno corporal y se especializa en p\u00e9rdida de peso, hormonas y vitaminas.<\/p>\n\n\n\n<p>Los resultados motivados y la pasi\u00f3n por la belleza de la Dra. Khronusova ofrecen una sinergia entre el bienestar y la belleza. La Dra. Khronusova lo invita a Bella, nuestro spa de lujo donde su equipo de consultores y esteticistas lo ayudan a relajarse, rejuvenecer y transformar su belleza natural.<\/p>\n<\/div>\n\n\n\n<div class=\"wp-block-column is-layout-flow wp-block-column-is-layout-flow\"><div class=\"wp-block-image\">\n<figure class=\"aligncenter size-large\"><img decoding=\"async\" src=\"\/wp-content\/uploads\/2022\/05\/dr-yekaterina-khronusova-md-1.jpg\" alt=\"\" title=\"img@2x\"\/><figcaption class=\"wp-element-caption\">Dra. Yekaterina Khronusova, MD<\/figcaption><\/figure>\n<\/div><\/div>\n<\/div>\n\n\n\n<div style=\"height:40px\" aria-hidden=\"true\" class=\"wp-block-spacer\"><\/div>\n\n\n\n<div class=\"wp-block-group alignfull has-color-2-background-color has-background\"><div class=\"wp-block-group__inner-container is-layout-flow wp-block-group-is-layout-flow\">\n<h2 class=\"wp-block-heading has-text-align-center\">Nuestro Personal<\/h2>\n\n\n<div class=\"wp-block-image\">\n<figure class=\"aligncenter size-full is-resized\"><img decoding=\"async\" src=\"https:\/\/cosmetiqueaestheticslv.com\/es\/wp-content\/uploads\/sites\/2\/2022\/06\/BellaLogo_WEB.svg\" alt=\"\" class=\"wp-image-1389\" style=\"width:311px;height:252px\" width=\"311\" height=\"252\"\/><\/figure>\n<\/div>\n\n\n<div style=\"height:60px\" aria-hidden=\"true\" class=\"wp-block-spacer\"><\/div>\n\n\n\n<div style=\"height:2px\" aria-hidden=\"true\" class=\"wp-block-spacer\"><\/div>\n\n\n<div class=\"wp-block-image is-style-rounded\">\n<figure class=\"aligncenter size-large is-resized\"><img decoding=\"async\" src=\"\/wp-content\/uploads\/2022\/05\/rose.jpg\" alt=\"\" style=\"width:213px;height:213px\" width=\"213\" height=\"213\"\/><\/figure>\n<\/div>\n\n\n<h3 class=\"wp-block-heading has-text-align-center has-color-3-color has-text-color\">Rose<br><span style=\"color: #3d3b53; font-size: 16px;\">Esteticista Licenciada<\/span><\/h3>\n\n\n\n<div class=\"wp-block-group container-padding has-color-5-background-color has-background\"><div class=\"wp-block-group__inner-container is-layout-flow wp-block-group-is-layout-flow\">\n<p class=\"has-text-align-center\">Rose es una esteticista licenciada, consultora m\u00e9dica y especialista en contorno corporal no invasivo. Su amplia experiencia en procedimientos faciales y corporales te ayudar\u00e1 a obtener los resultados que buscas. En Bella es consultora experta en productos y tratamientos faciales, corporales y para la piel. Su pasi\u00f3n por la piel y la gran experiencia del cliente har\u00e1n que regreses a Bella por m\u00e1s. Rose es especialista en tratamientos faciales personalizados de grado m\u00e9dico, microdermoabrasi\u00f3n, microagujas y Dermaplaning.<\/p>\n<\/div><\/div>\n<\/div><\/div>\n","protected":false},"excerpt":{"rendered":"<p>Dra. Yekaterina Khronusova, MD Las Vegas, NV La Dra. Katherina Khronusova, MD, es una m\u00e9dica de medicina interna certificada por la Junta. Es una m\u00e9dica establecida y altamente capacitada con m\u00e1s de 20 a\u00f1os de experiencia en medicina interna y hospitalista en Las Vegas. Se gradu\u00f3 de la Universidad M\u00e9dica Estatal de Kazan, complet\u00f3 su&#8230; <a class=\"more-link\" href=\"https:\/\/cosmetiqueaestheticslv.com\/es\/nuestro-personal\/\">[Read More]<\/a><\/p>\n","protected":false},"author":1,"featured_media":0,"parent":0,"menu_order":0,"comment_status":"closed","ping_status":"closed","template":"","meta":{"_acf_changed":false,"_uag_custom_page_level_css":"","_genesis_hide_title":false,"_genesis_hide_breadcrumbs":false,"_genesis_hide_singular_image":false,"_genesis_hide_footer_widgets":false,"_genesis_custom_body_class":"","_genesis_custom_post_class":"","_genesis_layout":"","footnotes":""},"class_list":{"0":"post-16","1":"page","2":"type-page","3":"status-publish","5":"entry","6":"has-post-thumbnail"},"acf":[],"yoast_head":"<!-- This site is optimized with the Yoast SEO plugin v26.1.1 - https:\/\/yoast.com\/wordpress\/plugins\/seo\/ -->\n<title>Nuestro Personal - Cosmetique Aesthetics Las Vegas Espa\u00f1ol<\/title>\n<meta name=\"description\" content=\"Our Staff Cosmetique Aesthetics Las Vegas Espa\u00f1ol. We have highly qualified professionals for multiple treatments such as injectables, facials and more.\" \/>\n<meta name=\"robots\" content=\"index, follow, max-snippet:-1, max-image-preview:large, max-video-preview:-1\" \/>\n<link rel=\"canonical\" href=\"https:\/\/cosmetiqueaestheticslv.com\/es\/nuestro-personal\/\" \/>\n<meta property=\"og:locale\" content=\"es_MX\" \/>\n<meta property=\"og:type\" content=\"article\" \/>\n<meta property=\"og:title\" content=\"Nuestro Personal - Cosmetique Aesthetics Las Vegas Espa\u00f1ol\" \/>\n<meta property=\"og:description\" content=\"Our Staff Cosmetique Aesthetics Las Vegas Espa\u00f1ol. We have highly qualified professionals for multiple treatments such as injectables, facials and more.\" \/>\n<meta property=\"og:url\" content=\"https:\/\/cosmetiqueaestheticslv.com\/es\/nuestro-personal\/\" \/>\n<meta property=\"og:site_name\" content=\"Cosmetique Aesthetics Las Vegas Espa\u00f1ol\" \/>\n<meta property=\"article:modified_time\" content=\"2023-10-07T22:30:14+00:00\" \/>\n<meta property=\"og:image\" content=\"https:\/\/cosmetiqueaestheticslv.com\/es\/wp-content\/uploads\/sites\/2\/2020\/06\/Bella-Ageless-Beauty-1.jpg\" \/>\n\t<meta property=\"og:image:width\" content=\"939\" \/>\n\t<meta property=\"og:image:height\" content=\"462\" \/>\n\t<meta property=\"og:image:type\" content=\"image\/jpeg\" \/>\n<meta name=\"twitter:card\" content=\"summary_large_image\" \/>\n<meta name=\"twitter:label1\" content=\"Tiempo de lectura\" \/>\n\t<meta name=\"twitter:data1\" content=\"5 minutos\" \/>\n<script type=\"application\/ld+json\" class=\"yoast-schema-graph\">{\"@context\":\"https:\/\/schema.org\",\"@graph\":[{\"@type\":\"WebPage\",\"@id\":\"https:\/\/cosmetiqueaestheticslv.com\/es\/nuestro-personal\/\",\"url\":\"https:\/\/cosmetiqueaestheticslv.com\/es\/nuestro-personal\/\",\"name\":\"Nuestro Personal - Cosmetique Aesthetics Las Vegas Espa\u00f1ol\",\"isPartOf\":{\"@id\":\"https:\/\/cosmetiqueaestheticslv.com\/es\/#website\"},\"primaryImageOfPage\":{\"@id\":\"https:\/\/cosmetiqueaestheticslv.com\/es\/nuestro-personal\/#primaryimage\"},\"image\":{\"@id\":\"https:\/\/cosmetiqueaestheticslv.com\/es\/nuestro-personal\/#primaryimage\"},\"thumbnailUrl\":\"https:\/\/cosmetiqueaestheticslv.com\/es\/wp-content\/uploads\/sites\/2\/2022\/06\/BellaLogo_WEB.svg\",\"datePublished\":\"2019-08-17T16:44:59+00:00\",\"dateModified\":\"2023-10-07T22:30:14+00:00\",\"description\":\"Our Staff Cosmetique Aesthetics Las Vegas Espa\u00f1ol. We have highly qualified professionals for multiple treatments such as injectables, facials and more.\",\"breadcrumb\":{\"@id\":\"https:\/\/cosmetiqueaestheticslv.com\/es\/nuestro-personal\/#breadcrumb\"},\"inLanguage\":\"es-MX\",\"potentialAction\":[{\"@type\":\"ReadAction\",\"target\":[\"https:\/\/cosmetiqueaestheticslv.com\/es\/nuestro-personal\/\"]}]},{\"@type\":\"ImageObject\",\"inLanguage\":\"es-MX\",\"@id\":\"https:\/\/cosmetiqueaestheticslv.com\/es\/nuestro-personal\/#primaryimage\",\"url\":\"https:\/\/cosmetiqueaestheticslv.com\/es\/wp-content\/uploads\/sites\/2\/2022\/06\/BellaLogo_WEB.svg\",\"contentUrl\":\"https:\/\/cosmetiqueaestheticslv.com\/es\/wp-content\/uploads\/sites\/2\/2022\/06\/BellaLogo_WEB.svg\"},{\"@type\":\"BreadcrumbList\",\"@id\":\"https:\/\/cosmetiqueaestheticslv.com\/es\/nuestro-personal\/#breadcrumb\",\"itemListElement\":[{\"@type\":\"ListItem\",\"position\":1,\"name\":\"Inicio\",\"item\":\"https:\/\/cosmetiqueaestheticslv.com\/es\/\"},{\"@type\":\"ListItem\",\"position\":2,\"name\":\"Nuestro Personal\"}]},{\"@type\":\"WebSite\",\"@id\":\"https:\/\/cosmetiqueaestheticslv.com\/es\/#website\",\"url\":\"https:\/\/cosmetiqueaestheticslv.com\/es\/\",\"name\":\"Cosmetique Aesthetics Las Vegas Espa\u00f1ol\",\"description\":\"Las Vegas Luxury Med Spa At Cosmetique Aesthetics\",\"potentialAction\":[{\"@type\":\"SearchAction\",\"target\":{\"@type\":\"EntryPoint\",\"urlTemplate\":\"https:\/\/cosmetiqueaestheticslv.com\/es\/?s={search_term_string}\"},\"query-input\":{\"@type\":\"PropertyValueSpecification\",\"valueRequired\":true,\"valueName\":\"search_term_string\"}}],\"inLanguage\":\"es-MX\"}]}<\/script>\n<!-- \/ Yoast SEO plugin. -->","yoast_head_json":{"title":"Nuestro Personal - Cosmetique Aesthetics Las Vegas Espa\u00f1ol","description":"Our Staff Cosmetique Aesthetics Las Vegas Espa\u00f1ol. We have highly qualified professionals for multiple treatments such as injectables, facials and more.","robots":{"index":"index","follow":"follow","max-snippet":"max-snippet:-1","max-image-preview":"max-image-preview:large","max-video-preview":"max-video-preview:-1"},"canonical":"https:\/\/cosmetiqueaestheticslv.com\/es\/nuestro-personal\/","og_locale":"es_MX","og_type":"article","og_title":"Nuestro Personal - Cosmetique Aesthetics Las Vegas Espa\u00f1ol","og_description":"Our Staff Cosmetique Aesthetics Las Vegas Espa\u00f1ol. We have highly qualified professionals for multiple treatments such as injectables, facials and more.","og_url":"https:\/\/cosmetiqueaestheticslv.com\/es\/nuestro-personal\/","og_site_name":"Cosmetique Aesthetics Las Vegas Espa\u00f1ol","article_modified_time":"2023-10-07T22:30:14+00:00","og_image":[{"width":939,"height":462,"url":"https:\/\/cosmetiqueaestheticslv.com\/es\/wp-content\/uploads\/sites\/2\/2020\/06\/Bella-Ageless-Beauty-1.jpg","type":"image\/jpeg"}],"twitter_card":"summary_large_image","twitter_misc":{"Tiempo de lectura":"5 minutos"},"schema":{"@context":"https:\/\/schema.org","@graph":[{"@type":"WebPage","@id":"https:\/\/cosmetiqueaestheticslv.com\/es\/nuestro-personal\/","url":"https:\/\/cosmetiqueaestheticslv.com\/es\/nuestro-personal\/","name":"Nuestro Personal - Cosmetique Aesthetics Las Vegas Espa\u00f1ol","isPartOf":{"@id":"https:\/\/cosmetiqueaestheticslv.com\/es\/#website"},"primaryImageOfPage":{"@id":"https:\/\/cosmetiqueaestheticslv.com\/es\/nuestro-personal\/#primaryimage"},"image":{"@id":"https:\/\/cosmetiqueaestheticslv.com\/es\/nuestro-personal\/#primaryimage"},"thumbnailUrl":"https:\/\/cosmetiqueaestheticslv.com\/es\/wp-content\/uploads\/sites\/2\/2022\/06\/BellaLogo_WEB.svg","datePublished":"2019-08-17T16:44:59+00:00","dateModified":"2023-10-07T22:30:14+00:00","description":"Our Staff Cosmetique Aesthetics Las Vegas Espa\u00f1ol. We have highly qualified professionals for multiple treatments such as injectables, facials and more.","breadcrumb":{"@id":"https:\/\/cosmetiqueaestheticslv.com\/es\/nuestro-personal\/#breadcrumb"},"inLanguage":"es-MX","potentialAction":[{"@type":"ReadAction","target":["https:\/\/cosmetiqueaestheticslv.com\/es\/nuestro-personal\/"]}]},{"@type":"ImageObject","inLanguage":"es-MX","@id":"https:\/\/cosmetiqueaestheticslv.com\/es\/nuestro-personal\/#primaryimage","url":"https:\/\/cosmetiqueaestheticslv.com\/es\/wp-content\/uploads\/sites\/2\/2022\/06\/BellaLogo_WEB.svg","contentUrl":"https:\/\/cosmetiqueaestheticslv.com\/es\/wp-content\/uploads\/sites\/2\/2022\/06\/BellaLogo_WEB.svg"},{"@type":"BreadcrumbList","@id":"https:\/\/cosmetiqueaestheticslv.com\/es\/nuestro-personal\/#breadcrumb","itemListElement":[{"@type":"ListItem","position":1,"name":"Inicio","item":"https:\/\/cosmetiqueaestheticslv.com\/es\/"},{"@type":"ListItem","position":2,"name":"Nuestro Personal"}]},{"@type":"WebSite","@id":"https:\/\/cosmetiqueaestheticslv.com\/es\/#website","url":"https:\/\/cosmetiqueaestheticslv.com\/es\/","name":"Cosmetique Aesthetics Las Vegas Espa\u00f1ol","description":"Las Vegas Luxury Med Spa At Cosmetique Aesthetics","potentialAction":[{"@type":"SearchAction","target":{"@type":"EntryPoint","urlTemplate":"https:\/\/cosmetiqueaestheticslv.com\/es\/?s={search_term_string}"},"query-input":{"@type":"PropertyValueSpecification","valueRequired":true,"valueName":"search_term_string"}}],"inLanguage":"es-MX"}]}},"uagb_featured_image_src":{"full":false,"thumbnail":false,"medium":false,"medium_large":false,"large":false,"1536x1536":false,"2048x2048":false,"gform-image-choice-sm":false,"gform-image-choice-md":false,"gform-image-choice-lg":false},"uagb_author_info":{"display_name":"Cosmetique Aesthetics Las Vegas","author_link":"https:\/\/cosmetiqueaestheticslv.com\/es\/author\/support\/"},"uagb_comment_info":0,"uagb_excerpt":"Dra. Yekaterina Khronusova, MD Las Vegas, NV La Dra. Katherina Khronusova, MD, es una m\u00e9dica de medicina interna certificada por la Junta. Es una m\u00e9dica establecida y altamente capacitada con m\u00e1s de 20 a\u00f1os de experiencia en medicina interna y hospitalista en Las Vegas. Se gradu\u00f3 de la Universidad M\u00e9dica Estatal de Kazan, complet\u00f3 su...&hellip;","_links":{"self":[{"href":"https:\/\/cosmetiqueaestheticslv.com\/es\/wp-json\/wp\/v2\/pages\/16","targetHints":{"allow":["GET"]}}],"collection":[{"href":"https:\/\/cosmetiqueaestheticslv.com\/es\/wp-json\/wp\/v2\/pages"}],"about":[{"href":"https:\/\/cosmetiqueaestheticslv.com\/es\/wp-json\/wp\/v2\/types\/page"}],"author":[{"embeddable":true,"href":"https:\/\/cosmetiqueaestheticslv.com\/es\/wp-json\/wp\/v2\/users\/1"}],"replies":[{"embeddable":true,"href":"https:\/\/cosmetiqueaestheticslv.com\/es\/wp-json\/wp\/v2\/comments?post=16"}],"version-history":[{"count":0,"href":"https:\/\/cosmetiqueaestheticslv.com\/es\/wp-json\/wp\/v2\/pages\/16\/revisions"}],"wp:attachment":[{"href":"https:\/\/cosmetiqueaestheticslv.com\/es\/wp-json\/wp\/v2\/media?parent=16"}],"curies":[{"name":"wp","href":"https:\/\/api.w.org\/{rel}","templated":true}]}}